{"id":980,"date":"2024-07-22T21:52:38","date_gmt":"2024-07-22T18:52:38","guid":{"rendered":"https:\/\/sutpompasikiralamasivas.com\/?page_id=980"},"modified":"2026-04-22T17:40:57","modified_gmt":"2026-04-22T14:40:57","slug":"sagim-seti","status":"publish","type":"page","link":"https:\/\/sutpompasikiralamasivas.com\/index.php\/sagim-seti\/","title":{"rendered":"Sa\u011f\u0131m Seti"},"content":{"rendered":"\t\t<div data-elementor-type=\"wp-page\" data-elementor-id=\"980\" class=\"elementor elementor-980\">\n\t\t\t\t\t\t<section class=\"elementor-section elementor-top-section elementor-element elementor-element-9efc968 elementor-section-boxed elementor-section-height-default elementor-section-height-default\" data-id=\"9efc968\" data-element_type=\"section\" data-e-type=\"section\">\n\t\t\t\t\t\t<div class=\"elementor-container elementor-column-gap-default\">\n\t\t\t\t\t<div class=\"elementor-column elementor-col-100 elementor-top-column elementor-element elementor-element-12f3713\" data-id=\"12f3713\" data-element_type=\"column\" data-e-type=\"column\">\n\t\t\t<div class=\"elementor-widget-wrap elementor-element-populated\">\n\t\t\t\t\t\t<div class=\"elementor-element elementor-element-0036e4a elementor-widget elementor-widget-heading\" data-id=\"0036e4a\" data-element_type=\"widget\" data-e-type=\"widget\" data-widget_type=\"heading.default\">\n\t\t\t\t\t<h2 class=\"elementor-heading-title elementor-size-default\">Sa\u011f\u0131m Setleri\n''s\u0131f\u0131r olarak steril pakette'' sat\u0131lmaktad\u0131r.Sa\u011f\u0131m seti kiraya verilmez sat\u0131n al\u0131nmak zorundad\u0131r.\n\n        Medela Cihazlar i\u00e7in ,Sa\u011f\u0131m Seti \u00dccreti : 300.00 TL.\n&nbsp; &nbsp; &nbsp; &nbsp;Spectra Cihazlar i\u00e7in ,Sa\u011f\u0131m Seti \u00dccreti : 600.00 TL.<\/h2>\t\t\t\t<\/div>\n\t\t\t\t\t<\/div>\n\t\t<\/div>\n\t\t\t\t\t<\/div>\n\t\t<\/section>\n\t\t\t\t<section class=\"elementor-section elementor-top-section elementor-element elementor-element-84ebaf3 elementor-section-height-min-height elementor-section-boxed elementor-section-height-default elementor-section-items-middle\" data-id=\"84ebaf3\" data-element_type=\"section\" data-e-type=\"section\">\n\t\t\t\t\t\t<div class=\"elementor-container elementor-column-gap-default\">\n\t\t\t\t\t<div class=\"elementor-column elementor-col-33 elementor-top-column elementor-element elementor-element-7d9c651\" data-id=\"7d9c651\" data-element_type=\"column\" data-e-type=\"column\" data-settings=\"{&quot;background_background&quot;:&quot;classic&quot;}\">\n\t\t\t<div class=\"elementor-widget-wrap elementor-element-populated\">\n\t\t\t\t\t\t<div class=\"elementor-element elementor-element-c715dc1 elementor-widget elementor-widget-image\" data-id=\"c715dc1\" data-element_type=\"widget\" data-e-type=\"widget\" data-widget_type=\"image.default\">\n\t\t\t\t\t\t\t\t\t\t\t\t\t\t\t<img fetchpriority=\"high\" decoding=\"async\" width=\"768\" height=\"1024\" src=\"https:\/\/sutpompasikiralamasivas.com\/wp-content\/uploads\/2024\/07\/WhatsApp-Image-2024-07-22-at-13.52.33-768x1024.jpeg\" class=\"attachment-medium_large size-medium_large wp-image-985\" alt=\"\" srcset=\"https:\/\/sutpompasikiralamasivas.com\/wp-content\/uploads\/2024\/07\/WhatsApp-Image-2024-07-22-at-13.52.33-768x1024.jpeg 768w, https:\/\/sutpompasikiralamasivas.com\/wp-content\/uploads\/2024\/07\/WhatsApp-Image-2024-07-22-at-13.52.33-225x300.jpeg 225w, https:\/\/sutpompasikiralamasivas.com\/wp-content\/uploads\/2024\/07\/WhatsApp-Image-2024-07-22-at-13.52.33-1152x1536.jpeg 1152w, https:\/\/sutpompasikiralamasivas.com\/wp-content\/uploads\/2024\/07\/WhatsApp-Image-2024-07-22-at-13.52.33.jpeg 1200w\" sizes=\"(max-width: 768px) 100vw, 768px\" \/>\t\t\t\t\t\t\t\t\t\t\t\t\t\t\t<\/div>\n\t\t\t\t\t<\/div>\n\t\t<\/div>\n\t\t\t\t<div class=\"elementor-column elementor-col-33 elementor-top-column elementor-element elementor-element-da49ecd\" data-id=\"da49ecd\" data-element_type=\"column\" data-e-type=\"column\" data-settings=\"{&quot;background_background&quot;:&quot;classic&quot;}\">\n\t\t\t<div class=\"elementor-widget-wrap elementor-element-populated\">\n\t\t\t\t\t\t<div class=\"elementor-element elementor-element-0ce7ada elementor-widget elementor-widget-image\" data-id=\"0ce7ada\" data-element_type=\"widget\" data-e-type=\"widget\" data-widget_type=\"image.default\">\n\t\t\t\t\t\t\t\t\t\t\t\t\t\t\t<img decoding=\"async\" width=\"768\" height=\"768\" src=\"https:\/\/sutpompasikiralamasivas.com\/wp-content\/uploads\/2024\/08\/S1-IKILI-SAGIM.webp\" class=\"attachment-large size-large wp-image-1022\" alt=\"\" srcset=\"https:\/\/sutpompasikiralamasivas.com\/wp-content\/uploads\/2024\/08\/S1-IKILI-SAGIM.webp 768w, https:\/\/sutpompasikiralamasivas.com\/wp-content\/uploads\/2024\/08\/S1-IKILI-SAGIM-300x300.webp 300w, https:\/\/sutpompasikiralamasivas.com\/wp-content\/uploads\/2024\/08\/S1-IKILI-SAGIM-150x150.webp 150w\" sizes=\"(max-width: 768px) 100vw, 768px\" \/>\t\t\t\t\t\t\t\t\t\t\t\t\t\t\t<\/div>\n\t\t\t\t\t<\/div>\n\t\t<\/div>\n\t\t\t\t<div class=\"elementor-column elementor-col-33 elementor-top-column elementor-element elementor-element-0402991\" data-id=\"0402991\" data-element_type=\"column\" data-e-type=\"column\" data-settings=\"{&quot;background_background&quot;:&quot;classic&quot;}\">\n\t\t\t<div class=\"elementor-widget-wrap elementor-element-populated\">\n\t\t\t\t\t\t<div class=\"elementor-element elementor-element-2ac65d6 elementor-widget elementor-widget-image\" data-id=\"2ac65d6\" data-element_type=\"widget\" data-e-type=\"widget\" data-widget_type=\"image.default\">\n\t\t\t\t\t\t\t\t\t\t\t\t\t\t\t<img decoding=\"async\" width=\"768\" height=\"1024\" src=\"https:\/\/sutpompasikiralamasivas.com\/wp-content\/uploads\/2024\/07\/WhatsApp-Image-2024-07-22-at-13.52.34-768x1024.jpeg\" class=\"attachment-medium_large size-medium_large wp-image-984\" alt=\"\" srcset=\"https:\/\/sutpompasikiralamasivas.com\/wp-content\/uploads\/2024\/07\/WhatsApp-Image-2024-07-22-at-13.52.34-768x1024.jpeg 768w, https:\/\/sutpompasikiralamasivas.com\/wp-content\/uploads\/2024\/07\/WhatsApp-Image-2024-07-22-at-13.52.34-225x300.jpeg 225w, https:\/\/sutpompasikiralamasivas.com\/wp-content\/uploads\/2024\/07\/WhatsApp-Image-2024-07-22-at-13.52.34-1152x1536.jpeg 1152w, https:\/\/sutpompasikiralamasivas.com\/wp-content\/uploads\/2024\/07\/WhatsApp-Image-2024-07-22-at-13.52.34.jpeg 1200w\" sizes=\"(max-width: 768px) 100vw, 768px\" \/>\t\t\t\t\t\t\t\t\t\t\t\t\t\t\t<\/div>\n\t\t\t\t\t<\/div>\n\t\t<\/div>\n\t\t\t\t\t<\/div>\n\t\t<\/section>\n\t\t<div class=\"elementor-element elementor-element-ff7802d e-flex e-con-boxed e-con e-parent\" data-id=\"ff7802d\" data-element_type=\"container\" data-e-type=\"container\">\n\t\t\t\t\t<div class=\"e-con-inner\">\n\t\t<div class=\"elementor-element elementor-element-55bccbb e-con-full e-flex e-con e-child\" data-id=\"55bccbb\" data-element_type=\"container\" data-e-type=\"container\">\n\t\t\t\t<div class=\"elementor-element elementor-element-1b9639a elementor-widget elementor-widget-text-editor\" data-id=\"1b9639a\" data-element_type=\"widget\" data-e-type=\"widget\" data-widget_type=\"text-editor.default\">\n\t\t\t\t\t\t\t\t\t<h2 id=\"product-name\" data-bind=\"markupText: 'productName', event: {mouseup: handleMouseUpForProductName}\">\u00a0 \u00a0 \u00a0 \u00a0 \u00a0Baby Vacc S\u00fct Sa\u011fma Seti\u00a0 \u00a0 \u00a0 \u00a0 \u00a0 \u00a0 \u00a0 \u00a0 \u00a0 (Bir\u00e7ok Marka Cihaza Uyumlu)<\/h2><h4 data-bind=\"markupText: 'productName', event: {mouseup: handleMouseUpForProductName}\">\u00a0 \u00a0 \u00a0 \u00a0 \u00a0Medela &#8211; Ameda &#8211; Lansinoh &#8211; Philips<\/h4><h4><span class=\"marker\"><u><strong>\u00a0 \u00a0 \u00a0 \u00a0 \u00a0 \u00a0 \u00a0 \u00a0 \u00a0 \u00a0 SPECTRA \u0130LE UYUMLU DE\u011e\u0130LD\u0130R\u00a0<\/strong><\/u><\/span><\/h4><h4 data-sourcepos=\"1:1-1:76\">\u00a0 \u00a0Babyvac S\u00fct Sa\u011fma Seti: Yerli \u00dcretim ve Steril<\/h4><p data-sourcepos=\"3:1-3:13\"><strong>Paket \u0130\u00e7eri\u011fi:<\/strong><\/p><ul data-sourcepos=\"5:1-7:3\"><li data-sourcepos=\"5:1-5:24\">1 Adet Flan\u015f (26,5 mm )<\/li><li data-sourcepos=\"6:1-6:25\">1 Adet S\u00fct Sa\u011fma Biberonu<\/li><li data-sourcepos=\"7:1-7:3\">1 Adet Membran<\/li><li data-sourcepos=\"8:1-8:13\">1 Adet Valf<\/li><li data-sourcepos=\"9:1-9:22\">1 Adet Silikon Hortum<\/li><li data-sourcepos=\"10:1-10:14\">1 Adet Biberon Kapa\u011f\u0131<\/li><li data-sourcepos=\"11:1-12:0\">1 Adet Konnekt\u00f6r (Bir\u00e7ok Marka Cihaza Uyumluluk Sa\u011flar)<\/li><\/ul><p data-sourcepos=\"13:1-13:15\"><strong>\u00d6zellikler:<\/strong><\/p><ul data-sourcepos=\"15:1-15:7\"><li data-sourcepos=\"15:1-15:7\"><strong>Yerli \u00dcretim:<\/strong>\u00a0Kaliteli ve g\u00fcvenilir bir \u00fcr\u00fcn.<\/li><li data-sourcepos=\"17:1-17:44\"><strong>BPA \u0130\u00e7ermez:<\/strong>\u00a0Bebe\u011finizin sa\u011fl\u0131\u011f\u0131 i\u00e7in.<\/li><li data-sourcepos=\"18:1-18:52\"><strong>Polyproplen Malzeme:<\/strong>\u00a0Dayan\u0131kl\u0131 ve uzun \u00f6m\u00fcrl\u00fc.<\/li><li data-sourcepos=\"19:1-19:58\"><strong>10\u00a0Kez Sterilize Edilebilir:<\/strong>\u00a0Ekonomik ve pratik.<\/li><li data-sourcepos=\"20:1-20:62\"><strong>\u00d6zel Valf:<\/strong>\u00a0Cihazdan Maksimum Rand\u0131man ve Daha \u0130yi Sa\u011f\u0131m.<\/li><li data-sourcepos=\"21:1-21:47\"><strong>Uyumluluk:<\/strong>\u00a0Ameda-Lansinoh-Medela ve Bir\u00e7ok Cihaz ile Uyumludur.<\/li><\/ul><p data-sourcepos=\"23:1-23:31\"><strong>Babyvac S\u00fct Sa\u011fma Seti ile:<\/strong><\/p><ul data-sourcepos=\"25:1-29:0\"><li data-sourcepos=\"25:1-25:38\">Bebe\u011finize en do\u011fal besini sa\u011flay\u0131n.<\/li><li data-sourcepos=\"26:1-26:42\">Kolay ve konforlu bir \u015fekilde s\u00fct sa\u011f\u0131n.<\/li><li data-sourcepos=\"27:1-27:34\">Cihaz\u0131n\u0131zdan en iyi verimi al\u0131n.<\/li><li data-sourcepos=\"28:1-29:0\">G\u00fcvenli ve hijyenik bir \u015fekilde s\u00fct saklay\u0131n.<\/li><\/ul><p data-sourcepos=\"30:1-30:65\"><strong>Babyvac S\u00fct Sa\u011fma Seti, anne ve bebek i\u00e7in ideal bir \u00fcr\u00fcnd\u00fcr.<\/strong><\/p><p data-sourcepos=\"32:1-32:145\"><strong>Not:<\/strong>\u00a0S\u00fct sa\u011fma seti polyproplen&#8217;den mamul olup bu materyal \u00f6zelli\u011finden dolay\u0131 maksimum 10\u00a0sterlizasyondan ve\u00a0ortalama 1 ay sonra\u00a0 sonra yenisi ile de\u011fi\u015ftirilmelidir.<\/p>\t\t\t\t\t\t\t\t<\/div>\n\t\t\t\t<\/div>\n\t\t<div class=\"elementor-element elementor-element-91219e7 e-con-full e-flex e-con e-child\" data-id=\"91219e7\" data-element_type=\"container\" data-e-type=\"container\">\n\t\t\t\t<\/div>\n\t\t<div class=\"elementor-element elementor-element-5d6d4b3 e-con-full e-flex e-con e-child\" data-id=\"5d6d4b3\" data-element_type=\"container\" data-e-type=\"container\">\n\t\t\t\t<\/div>\n\t\t\t\t\t<\/div>\n\t\t\t\t<\/div>\n\t\t\t\t<section class=\"elementor-section elementor-top-section elementor-element elementor-element-f92e980 elementor-section-boxed elementor-section-height-default elementor-section-height-default\" data-id=\"f92e980\" data-element_type=\"section\" data-e-type=\"section\">\n\t\t\t\t\t\t<div class=\"elementor-container elementor-column-gap-default\">\n\t\t\t\t\t<div class=\"elementor-column elementor-col-100 elementor-top-column elementor-element elementor-element-c55278e\" data-id=\"c55278e\" data-element_type=\"column\" data-e-type=\"column\">\n\t\t\t<div class=\"elementor-widget-wrap elementor-element-populated\">\n\t\t\t\t\t\t<div class=\"elementor-element elementor-element-be0eac3 elementor-widget elementor-widget-image-carousel\" data-id=\"be0eac3\" data-element_type=\"widget\" data-e-type=\"widget\" data-settings=\"{&quot;slides_to_show&quot;:&quot;2&quot;,&quot;slides_to_scroll&quot;:&quot;2&quot;,&quot;navigation&quot;:&quot;none&quot;,&quot;image_spacing_custom&quot;:{&quot;unit&quot;:&quot;px&quot;,&quot;size&quot;:30,&quot;sizes&quot;:[]},&quot;autoplay&quot;:&quot;yes&quot;,&quot;pause_on_hover&quot;:&quot;yes&quot;,&quot;pause_on_interaction&quot;:&quot;yes&quot;,&quot;autoplay_speed&quot;:5000,&quot;infinite&quot;:&quot;yes&quot;,&quot;speed&quot;:500,&quot;image_spacing_custom_tablet&quot;:{&quot;unit&quot;:&quot;px&quot;,&quot;size&quot;:&quot;&quot;,&quot;sizes&quot;:[]},&quot;image_spacing_custom_mobile&quot;:{&quot;unit&quot;:&quot;px&quot;,&quot;size&quot;:&quot;&quot;,&quot;sizes&quot;:[]}}\" data-widget_type=\"image-carousel.default\">\n\t\t\t\t\t\t\t<div class=\"elementor-image-carousel-wrapper swiper\" role=\"region\" aria-roledescription=\"carousel\" aria-label=\"Resim D\u00f6ng\u00fcs\u00fc\" dir=\"ltr\">\n\t\t\t<div class=\"elementor-image-carousel swiper-wrapper\" aria-live=\"off\">\n\t\t\t\t\t\t\t\t<div class=\"swiper-slide\" role=\"group\" aria-roledescription=\"slide\" aria-label=\"1 \/ 2\"><figure class=\"swiper-slide-inner\"><img decoding=\"async\" class=\"swiper-slide-image\" src=\"https:\/\/sutpompasikiralamasivas.com\/wp-content\/uploads\/2024\/07\/WhatsApp-Image-2024-07-22-at-13.52.33-1-768x543.jpeg\" alt=\"WhatsApp Image 2024-07-22 at 13.52.33 (1)\" \/><\/figure><\/div><div class=\"swiper-slide\" role=\"group\" aria-roledescription=\"slide\" aria-label=\"2 \/ 2\"><figure class=\"swiper-slide-inner\"><img decoding=\"async\" class=\"swiper-slide-image\" src=\"https:\/\/sutpompasikiralamasivas.com\/wp-content\/uploads\/2024\/07\/WhatsApp-Image-2024-07-22-at-13.52.33-2-768x544.jpeg\" alt=\"WhatsApp Image 2024-07-22 at 13.52.33 (2)\" \/><\/figure><\/div>\t\t\t<\/div>\n\t\t\t\t\t\t\t\n\t\t\t\t\t\t\t\t\t<\/div>\n\t\t\t\t\t\t<\/div>\n\t\t\t\t\t<\/div>\n\t\t<\/div>\n\t\t\t\t\t<\/div>\n\t\t<\/section>\n\t\t\t\t<\/div>\n\t\t","protected":false},"excerpt":{"rendered":"<p>Sa\u011f\u0131m Setleri &#8221;s\u0131f\u0131r olarak steril pakette&#8221; sat\u0131lmaktad\u0131r.Sa\u011f\u0131m seti kiraya verilmez sat\u0131n al\u0131nmak zorundad\u0131r. Medela Cihazlar i\u00e7in ,Sa\u011f\u0131m Seti \u00dccreti : 300.00 TL. &nbsp; &nbsp; &nbsp; &nbsp;Spectra Cihazlar i\u00e7in ,Sa\u011f\u0131m Seti \u00dccreti : 600.00 TL. \u00a0 \u00a0 \u00a0 \u00a0 \u00a0Baby Vacc S\u00fct Sa\u011fma Seti\u00a0 \u00a0 \u00a0 \u00a0 \u00a0 \u00a0 \u00a0 \u00a0 \u00a0 (Bir\u00e7ok Marka Cihaza Uyumlu) [&hellip;]<\/p>\n","protected":false},"author":2,"featured_media":0,"parent":0,"menu_order":0,"comment_status":"closed","ping_status":"closed","template":"","meta":{"_joinchat":[],"footnotes":""},"class_list":["post-980","page","type-page","status-publish","hentry"],"_links":{"self":[{"href":"https:\/\/sutpompasikiralamasivas.com\/index.php\/wp-json\/wp\/v2\/pages\/980","targetHints":{"allow":["GET"]}}],"collection":[{"href":"https:\/\/sutpompasikiralamasivas.com\/index.php\/wp-json\/wp\/v2\/pages"}],"about":[{"href":"https:\/\/sutpompasikiralamasivas.com\/index.php\/wp-json\/wp\/v2\/types\/page"}],"author":[{"embeddable":true,"href":"https:\/\/sutpompasikiralamasivas.com\/index.php\/wp-json\/wp\/v2\/users\/2"}],"replies":[{"embeddable":true,"href":"https:\/\/sutpompasikiralamasivas.com\/index.php\/wp-json\/wp\/v2\/comments?post=980"}],"version-history":[{"count":37,"href":"https:\/\/sutpompasikiralamasivas.com\/index.php\/wp-json\/wp\/v2\/pages\/980\/revisions"}],"predecessor-version":[{"id":1900,"href":"https:\/\/sutpompasikiralamasivas.com\/index.php\/wp-json\/wp\/v2\/pages\/980\/revisions\/1900"}],"wp:attachment":[{"href":"https:\/\/sutpompasikiralamasivas.com\/index.php\/wp-json\/wp\/v2\/media?parent=980"}],"curies":[{"name":"wp","href":"https:\/\/api.w.org\/{rel}","templated":true}]}}