{"id":71,"date":"2024-07-10T10:00:30","date_gmt":"2024-07-10T07:00:30","guid":{"rendered":"https:\/\/sutpompasikiralamasivas.com\/?page_id=71"},"modified":"2026-01-13T22:23:00","modified_gmt":"2026-01-13T19:23:00","slug":"ameda-elite","status":"publish","type":"page","link":"https:\/\/sutpompasikiralamasivas.com\/index.php\/ameda-elite\/","title":{"rendered":"SPECTRA 2"},"content":{"rendered":"\t\t<div data-elementor-type=\"wp-page\" data-elementor-id=\"71\" class=\"elementor elementor-71\">\n\t\t\t\t\t\t<section class=\"elementor-section elementor-top-section elementor-element elementor-element-02255f6 elementor-section-boxed elementor-section-height-default elementor-section-height-default\" data-id=\"02255f6\" data-element_type=\"section\" data-e-type=\"section\">\n\t\t\t\t\t\t<div class=\"elementor-container elementor-column-gap-default\">\n\t\t\t\t\t<div class=\"elementor-column elementor-col-50 elementor-top-column elementor-element elementor-element-95bc1aa\" data-id=\"95bc1aa\" data-element_type=\"column\" data-e-type=\"column\">\n\t\t\t<div class=\"elementor-widget-wrap elementor-element-populated\">\n\t\t\t\t\t\t<div class=\"elementor-element elementor-element-9ade0f4 elementor-widget elementor-widget-image\" data-id=\"9ade0f4\" data-element_type=\"widget\" data-e-type=\"widget\" data-widget_type=\"image.default\">\n\t\t\t\t\t\t\t\t\t\t\t\t\t\t\t<img fetchpriority=\"high\" decoding=\"async\" width=\"416\" height=\"332\" src=\"https:\/\/sutpompasikiralamasivas.com\/wp-content\/uploads\/2026\/01\/11ff9639-7ba.jpg\" class=\"attachment-2048x2048 size-2048x2048 wp-image-1726\" alt=\"\" srcset=\"https:\/\/sutpompasikiralamasivas.com\/wp-content\/uploads\/2026\/01\/11ff9639-7ba.jpg 416w, https:\/\/sutpompasikiralamasivas.com\/wp-content\/uploads\/2026\/01\/11ff9639-7ba-300x239.jpg 300w\" sizes=\"(max-width: 416px) 100vw, 416px\" \/>\t\t\t\t\t\t\t\t\t\t\t\t\t\t\t<\/div>\n\t\t\t\t\t<\/div>\n\t\t<\/div>\n\t\t\t\t<div class=\"elementor-column elementor-col-50 elementor-top-column elementor-element elementor-element-75f99b6\" data-id=\"75f99b6\" data-element_type=\"column\" data-e-type=\"column\">\n\t\t\t<div class=\"elementor-widget-wrap elementor-element-populated\">\n\t\t\t\t\t\t<div class=\"elementor-element elementor-element-75288ca elementor-widget elementor-widget-heading\" data-id=\"75288ca\" data-element_type=\"widget\" data-e-type=\"widget\" data-widget_type=\"heading.default\">\n\t\t\t\t\t<h1 class=\"elementor-heading-title elementor-size-default\">AMEDA EL\u0130TE     Hastane Tipi S\u00fct Pompas\u0131<\/h1>\t\t\t\t<\/div>\n\t\t\t\t<div class=\"elementor-element elementor-element-990b671 elementor-widget__width-initial elementor-widget elementor-widget-text-editor\" data-id=\"990b671\" data-element_type=\"widget\" data-e-type=\"widget\" data-widget_type=\"text-editor.default\">\n\t\t\t\t\t\t\t\t\t<p>\u00a0 \u00a0 \u00a0<\/p><p><span dir=\"auto\">Ameda\u00a0\u00a0<\/span><strong><span dir=\"auto\">Elite G\u00f6\u011f\u00fcs Pompas\u0131,<\/span><\/strong><span dir=\"auto\">\u00a0\u00a0g\u00fcvenilir, hastane s\u0131n\u0131f\u0131 \u00e7ift g\u00f6\u011f\u00fcs pompas\u0131d\u0131r. Elite, \u015fu anda piyasadaki en g\u00fc\u00e7l\u00fc emi\u015f g\u00fcc\u00fcne sahip makinelerden biridir. Hem hastaneler hem de anneler taraf\u0131ndan g\u00fcvenilmektedir. Yeni do\u011fmu\u015f bir bebekle zaman\u0131n\u0131z \u00e7ok k\u0131s\u0131tl\u0131d\u0131r; t\u00fcm dikkatinizi yeni bebe\u011finize verirsiniz. Verimlilik kayb\u0131 veya s\u00fct miktar\u0131nda azalma olmadan, bekleme s\u00fcresini k\u0131saltmak m\u00fcmk\u00fcnd\u00fcr. Makineye iki biberon veya torba ba\u011flayabilir ve bunlar\u0131 ayr\u0131 ayr\u0131 emi\u015f g\u00fcc\u00fc i\u00e7in ayarlayabilirsiniz. Zamanla di\u011fer pompa makineleri y\u0131pranabilir, \u00e7\u00fcnk\u00fc bile\u015fenleri \u00f6m\u00fcr boyu kullan\u0131m yerine ta\u015f\u0131nabilirlik i\u00e7in daha \u00e7ok tasarlanm\u0131\u015ft\u0131r. Elite sistemi ile zamanla emi\u015f g\u00fcc\u00fcnde bir kay\u0131p g\u00f6rmezsiniz &#8211; bu da onu birden fazla y\u00fcksek hacimli pompa seans\u0131 i\u00e7in uygun bir sistem haline getirir.<\/span><\/p><p><span dir=\"auto\">Bebe\u011finizin g\u00fcvenli\u011fi i\u00e7in tasarlanan bu \u00fcr\u00fcn, anne s\u00fct\u00fcn\u00fc bakteri ve hastal\u0131klara neden olabilecek di\u011fer kirleticilerden korumaya yard\u0131mc\u0131 olur. Anneler, ekipmanda kal\u0131nt\u0131 kalmas\u0131 durumunda bile silikon diyafram sayesinde bunun bebe\u011fin s\u00fct\u00fcne ge\u00e7meyece\u011finden emin olabilirler.<\/span><\/p><p><span dir=\"auto\">Ameda Elite g\u00f6\u011f\u00fcs pompas\u0131, g\u00fcvenlik ve sterilite en \u00f6ncelikli konular olarak tasarlanm\u0131\u015ft\u0131r.<\/span><\/p><p><span dir=\"auto\">*Ameda Hygienik\u00a0 Kit ( sa\u011f\u0131m seti) dahil de\u011fildir. Ayr\u0131ca sat\u0131yoruz.<\/span><\/p>\t\t\t\t\t\t\t\t<\/div>\n\t\t\t\t<div class=\"elementor-element elementor-element-124a23f elementor-widget__width-initial elementor-mobile-align-center elementor-widget-mobile__width-inherit elementor-widget elementor-widget-button\" data-id=\"124a23f\" data-element_type=\"widget\" data-e-type=\"widget\" data-widget_type=\"button.default\">\n\t\t\t\t\t\t\t\t\t\t<a class=\"elementor-button elementor-button-link elementor-size-sm elementor-animation-grow\" href=\"tel:0%20542%20215%2072%2092\">\n\t\t\t\t\t\t<span class=\"elementor-button-content-wrapper\">\n\t\t\t\t\t\t<span class=\"elementor-button-icon\">\n\t\t\t\t<svg aria-hidden=\"true\" class=\"e-font-icon-svg e-fas-phone-alt\" viewBox=\"0 0 512 512\" xmlns=\"http:\/\/www.w3.org\/2000\/svg\"><path d=\"M497.39 361.8l-112-48a24 24 0 0 0-28 6.9l-49.6 60.6A370.66 370.66 0 0 1 130.6 204.11l60.6-49.6a23.94 23.94 0 0 0 6.9-28l-48-112A24.16 24.16 0 0 0 122.6.61l-104 24A24 24 0 0 0 0 48c0 256.5 207.9 464 464 464a24 24 0 0 0 23.4-18.6l24-104a24.29 24.29 0 0 0-14.01-27.6z\"><\/path><\/svg>\t\t\t<\/span>\n\t\t\t\t\t\t\t\t\t<span class=\"elementor-button-text\">Hemen Aray\u0131n<\/span>\n\t\t\t\t\t<\/span>\n\t\t\t\t\t<\/a>\n\t\t\t\t\t\t\t\t<\/div>\n\t\t\t\t\t<\/div>\n\t\t<\/div>\n\t\t\t\t\t<\/div>\n\t\t<\/section>\n\t\t\t\t<section class=\"elementor-section elementor-top-section elementor-element elementor-element-9777d0c elementor-section-boxed elementor-section-height-default elementor-section-height-default\" data-id=\"9777d0c\" data-element_type=\"section\" data-e-type=\"section\">\n\t\t\t\t\t\t<div class=\"elementor-container elementor-column-gap-default\">\n\t\t\t\t\t<div class=\"elementor-column elementor-col-100 elementor-top-column elementor-element elementor-element-8f8dbc0\" data-id=\"8f8dbc0\" data-element_type=\"column\" data-e-type=\"column\">\n\t\t\t<div class=\"elementor-widget-wrap elementor-element-populated\">\n\t\t\t\t\t\t<div class=\"elementor-element elementor-element-fb25c7c elementor-widget elementor-widget-heading\" data-id=\"fb25c7c\" data-element_type=\"widget\" data-e-type=\"widget\" data-widget_type=\"heading.default\">\n\t\t\t\t\t<h1 class=\"elementor-heading-title elementor-size-default\">AMEDA EL\u0130TE    Hastane Tipi S\u00fct Pompas\u0131 \u00d6zellikleri<\/h1>\t\t\t\t<\/div>\n\t\t\t\t<div class=\"elementor-element elementor-element-e21a572 elementor-widget__width-initial elementor-widget elementor-widget-text-editor\" data-id=\"e21a572\" data-element_type=\"widget\" data-e-type=\"widget\" data-widget_type=\"text-editor.default\">\n\t\t\t\t\t\t\t\t\t<p style=\"background: white;\"><span style=\"font-family: Poppins; color: #555555; letter-spacing: .35pt; background: white;\">\u00a0 \u00a0 \u00a0 \u00a0Spectra 2 model S\u00fct Pompas\u0131, hastanelerde, kliniklerde ve i\u015fyerlerinde s\u00fct sa\u011f\u0131m odalar\u0131nda ve evlerde bireysel olarak kullan\u0131lmaktad\u0131r. \u00dclkemizde ciddi say\u0131da hastanede ve emziren anneler i\u00e7in i\u015fyerlerinde Spectra 2 kullan\u0131lmaktad\u0131r. Spectra 2 Pompas\u0131, bebe\u011fin emi\u015f fizyolojisini taklit ederek y\u00fcksek performansta h\u0131z ve yumu\u015fak bir sa\u011f\u0131m sa\u011flar.\u00a0<\/span><\/p><p class=\"sc-ad89e915-0 jRVbUX mb-3\">\u00a0 Temel \u00d6zellikler :<\/p><div class=\"sc-ad89e915-0 gnyxRV overflow-x seo-content\"><div><p>\u00a0 \u00a0 \u00a0 \u00a0Ev kullan\u0131m\u0131 i\u00e7in Spectra 2 Elektrikli G\u00f6\u011f\u00fcs Pompas\u0131 \u00fcr\u00fcn yelpazemiz. Bu g\u00f6\u011f\u00fcs pompas\u0131, g\u00f6\u011f\u00fcs pompalar\u0131n\u0131 pop\u00fcler hale getirmek i\u00e7in makul fiyatlarla piyasaya s\u00fcr\u00fclm\u00fc\u015ft\u00fcr.<\/p><p>\u00a0 \u00a0 \u00a0 \u00a0Spectra 2 Elektrikli G\u00f6\u011f\u00fcs Pompalar\u0131m\u0131z\u0131n hafif ve kompakt tasar\u0131m\u0131 onu son derece ta\u015f\u0131nabilir hale getirir. Spectra 2 Elektrikli G\u00f6\u011f\u00fcs Pompam\u0131z, dahili silindiri ile \u00e7ok basit ve \u015f\u0131k bir tasar\u0131ma sahiptir. \u0130ki adet sa\u011f\u0131m seti sat\u0131n ald\u0131\u011f\u0131n\u0131zda her iki g\u00f6\u011fs\u00fcn\u00fczden ayn\u0131 anda s\u00fct sa\u011farak zamandan tasarruf edebilirsiniz.<\/p><p>Spectra 2 Elektrikli G\u00f6\u011f\u00fcs Pompam\u0131z\u0131n ayr\u0131nt\u0131lar\u0131:-<br \/>* Model: Spectra 2<br \/>* Emi\u015f g\u00fcc\u00fc (mmHg): 0-340<br \/>* Emi\u015f d\u00f6ng\u00fcs\u00fc (Devir\/dakika): Yakla\u015f\u0131k 46<br \/>* \u00c7ift Pompalama Se\u00e7enekleri: Her ikisi de<br \/>* Emi\u015f Ayarlar\u0131: Ayarlanabilir<br \/>* G\u00fc\u00e7 Kayna\u011f\u0131: AC Adapt\u00f6r\u00fc<br \/>* Elektrik: Evet<br \/>* A\u011f\u0131rl\u0131k (Kg): Yakla\u015f\u0131k 2<\/p><\/div><\/div><p>\u00a0 \u00a0 \u00a0 \u00a0 \u00a0 Kolay ta\u015f\u0131nabilir. Kullan\u0131ma g\u00f6re tekli ve \u00e7iftli s\u00fct sa\u011f\u0131m setleri mevcuttur.<\/p><p>\u00a0 \u00a0 \u00a0 SPECTRA Hastane Tipi S\u00fct Pompas\u0131\u2019n\u0131 firmam\u0131z\u0131 arayarak\u00a0 kiralayabilirsiniz. Kiralama hizmetleri i\u00e7in firmam\u0131zla ileti\u015fime ge\u00e7ebilirsiniz.<\/p><p>\u00a0 \u00a0 \u00a0 \u00a0 \u00a0Kiralamalarda her anneye hijyen a\u00e7\u0131s\u0131ndan kendine ait sa\u011f\u0131m seti kullanmas\u0131 tavsiye edilir.<\/p>\t\t\t\t\t\t\t\t<\/div>\n\t\t\t\t\t<\/div>\n\t\t<\/div>\n\t\t\t\t\t<\/div>\n\t\t<\/section>\n\t\t\t\t<section class=\"elementor-section elementor-top-section elementor-element elementor-element-1f54343 elementor-section-boxed elementor-section-height-default elementor-section-height-default\" data-id=\"1f54343\" data-element_type=\"section\" data-e-type=\"section\">\n\t\t\t\t\t\t<div class=\"elementor-container elementor-column-gap-default\">\n\t\t\t\t\t<div class=\"elementor-column elementor-col-50 elementor-top-column elementor-element elementor-element-165cde5\" data-id=\"165cde5\" data-element_type=\"column\" data-e-type=\"column\">\n\t\t\t<div class=\"elementor-widget-wrap elementor-element-populated\">\n\t\t\t\t\t\t<div class=\"elementor-element elementor-element-0903b1c elementor-widget elementor-widget-image\" data-id=\"0903b1c\" data-element_type=\"widget\" data-e-type=\"widget\" data-widget_type=\"image.default\">\n\t\t\t\t\t\t\t\t\t\t\t\t\t\t\t<img decoding=\"async\" width=\"800\" height=\"800\" src=\"https:\/\/sutpompasikiralamasivas.com\/wp-content\/uploads\/2026\/01\/Ameda_Elite_2.jpg\" class=\"attachment-large size-large wp-image-1731\" alt=\"\" srcset=\"https:\/\/sutpompasikiralamasivas.com\/wp-content\/uploads\/2026\/01\/Ameda_Elite_2.jpg 1000w, https:\/\/sutpompasikiralamasivas.com\/wp-content\/uploads\/2026\/01\/Ameda_Elite_2-300x300.jpg 300w, https:\/\/sutpompasikiralamasivas.com\/wp-content\/uploads\/2026\/01\/Ameda_Elite_2-150x150.jpg 150w, https:\/\/sutpompasikiralamasivas.com\/wp-content\/uploads\/2026\/01\/Ameda_Elite_2-768x768.jpg 768w\" sizes=\"(max-width: 800px) 100vw, 800px\" \/>\t\t\t\t\t\t\t\t\t\t\t\t\t\t\t<\/div>\n\t\t\t\t\t<\/div>\n\t\t<\/div>\n\t\t\t\t<div class=\"elementor-column elementor-col-50 elementor-top-column elementor-element elementor-element-b13ef08\" data-id=\"b13ef08\" data-element_type=\"column\" data-e-type=\"column\">\n\t\t\t<div class=\"elementor-widget-wrap\">\n\t\t\t\t\t\t\t<\/div>\n\t\t<\/div>\n\t\t\t\t\t<\/div>\n\t\t<\/section>\n\t\t\t\t<section class=\"elementor-section elementor-top-section elementor-element elementor-element-c58fb07 elementor-section-boxed elementor-section-height-default elementor-section-height-default\" data-id=\"c58fb07\" data-element_type=\"section\" data-e-type=\"section\">\n\t\t\t\t\t\t<div class=\"elementor-container elementor-column-gap-default\">\n\t\t\t\t\t<div class=\"elementor-column elementor-col-100 elementor-top-column elementor-element elementor-element-35c447f\" data-id=\"35c447f\" data-element_type=\"column\" data-e-type=\"column\">\n\t\t\t<div class=\"elementor-widget-wrap elementor-element-populated\">\n\t\t\t\t\t\t<div class=\"elementor-element elementor-element-4835bd5 elementor-widget elementor-widget-heading\" data-id=\"4835bd5\" data-element_type=\"widget\" data-e-type=\"widget\" data-widget_type=\"heading.default\">\n\t\t\t\t\t<h3 class=\"elementor-heading-title elementor-size-default\">Hastane Tipi S\u00fct Pompas\u0131 Kullanma Nedenleri<\/h3>\t\t\t\t<\/div>\n\t\t\t\t<div class=\"elementor-element elementor-element-7f9af9a elementor-icon-list--layout-traditional elementor-list-item-link-full_width elementor-widget elementor-widget-icon-list\" data-id=\"7f9af9a\" data-element_type=\"widget\" data-e-type=\"widget\" data-widget_type=\"icon-list.default\">\n\t\t\t\t\t\t\t<ul class=\"elementor-icon-list-items\">\n\t\t\t\t\t\t\t<li class=\"elementor-icon-list-item\">\n\t\t\t\t\t\t\t\t\t\t\t<span class=\"elementor-icon-list-icon\">\n\t\t\t\t\t\t\t<svg aria-hidden=\"true\" class=\"e-font-icon-svg e-fas-circle\" viewBox=\"0 0 512 512\" xmlns=\"http:\/\/www.w3.org\/2000\/svg\"><path d=\"M256 8C119 8 8 119 8 256s111 248 248 248 248-111 248-248S393 8 256 8z\"><\/path><\/svg>\t\t\t\t\t\t<\/span>\n\t\t\t\t\t\t\t\t\t\t<span class=\"elementor-icon-list-text\">Do\u011fumun ilk g\u00fcnlerinde s\u00fct gelmedi\u011finde.<\/span>\n\t\t\t\t\t\t\t\t\t<\/li>\n\t\t\t\t\t\t\t\t<li class=\"elementor-icon-list-item\">\n\t\t\t\t\t\t\t\t\t\t\t<span class=\"elementor-icon-list-icon\">\n\t\t\t\t\t\t\t<svg aria-hidden=\"true\" class=\"e-font-icon-svg e-fas-circle\" viewBox=\"0 0 512 512\" xmlns=\"http:\/\/www.w3.org\/2000\/svg\"><path d=\"M256 8C119 8 8 119 8 256s111 248 248 248 248-111 248-248S393 8 256 8z\"><\/path><\/svg>\t\t\t\t\t\t<\/span>\n\t\t\t\t\t\t\t\t\t\t<span class=\"elementor-icon-list-text\">Memedeki fazla s\u00fct\u00fc bo\u015faltarak g\u00f6\u011f\u00fcs kanallar\u0131n\u0131 a\u00e7mak i\u00e7in.<\/span>\n\t\t\t\t\t\t\t\t\t<\/li>\n\t\t\t\t\t\t\t\t<li class=\"elementor-icon-list-item\">\n\t\t\t\t\t\t\t\t\t\t\t<span class=\"elementor-icon-list-icon\">\n\t\t\t\t\t\t\t<svg aria-hidden=\"true\" class=\"e-font-icon-svg e-fas-circle\" viewBox=\"0 0 512 512\" xmlns=\"http:\/\/www.w3.org\/2000\/svg\"><path d=\"M256 8C119 8 8 119 8 256s111 248 248 248 248-111 248-248S393 8 256 8z\"><\/path><\/svg>\t\t\t\t\t\t<\/span>\n\t\t\t\t\t\t\t\t\t\t<span class=\"elementor-icon-list-text\">G\u00f6\u011f\u00fcs ucu \u00e7atlak , Mastit (meme iltihab\u0131) ve angorjman (rahatlamam\u0131\u015f meme dolulu\u011fu ) durumunda g\u00f6\u011f\u00fcs\u00fc rahatlatmak i\u00e7in.<\/span>\n\t\t\t\t\t\t\t\t\t<\/li>\n\t\t\t\t\t\t\t\t<li class=\"elementor-icon-list-item\">\n\t\t\t\t\t\t\t\t\t\t\t<span class=\"elementor-icon-list-icon\">\n\t\t\t\t\t\t\t<svg aria-hidden=\"true\" class=\"e-font-icon-svg e-fas-circle\" viewBox=\"0 0 512 512\" xmlns=\"http:\/\/www.w3.org\/2000\/svg\"><path d=\"M256 8C119 8 8 119 8 256s111 248 248 248 248-111 248-248S393 8 256 8z\"><\/path><\/svg>\t\t\t\t\t\t<\/span>\n\t\t\t\t\t\t\t\t\t\t<span class=\"elementor-icon-list-text\">Annenin bebekten ayr\u0131 kalmas\u0131 durumunda bebe\u011fi anne s\u00fct\u00fc ile beslemeye devam etmek i\u00e7in.<\/span>\n\t\t\t\t\t\t\t\t\t<\/li>\n\t\t\t\t\t\t\t\t<li class=\"elementor-icon-list-item\">\n\t\t\t\t\t\t\t\t\t\t\t<span class=\"elementor-icon-list-icon\">\n\t\t\t\t\t\t\t<svg aria-hidden=\"true\" class=\"e-font-icon-svg e-fas-circle\" viewBox=\"0 0 512 512\" xmlns=\"http:\/\/www.w3.org\/2000\/svg\"><path d=\"M256 8C119 8 8 119 8 256s111 248 248 248 248-111 248-248S393 8 256 8z\"><\/path><\/svg>\t\t\t\t\t\t<\/span>\n\t\t\t\t\t\t\t\t\t\t<span class=\"elementor-icon-list-text\">Bebe\u011fin \u00e7ene g\u00fcc\u00fc yetersiz kald\u0131\u011f\u0131nda.<\/span>\n\t\t\t\t\t\t\t\t\t<\/li>\n\t\t\t\t\t\t\t\t<li class=\"elementor-icon-list-item\">\n\t\t\t\t\t\t\t\t\t\t\t<span class=\"elementor-icon-list-icon\">\n\t\t\t\t\t\t\t<svg aria-hidden=\"true\" class=\"e-font-icon-svg e-fas-circle\" viewBox=\"0 0 512 512\" xmlns=\"http:\/\/www.w3.org\/2000\/svg\"><path d=\"M256 8C119 8 8 119 8 256s111 248 248 248 248-111 248-248S393 8 256 8z\"><\/path><\/svg>\t\t\t\t\t\t<\/span>\n\t\t\t\t\t\t\t\t\t\t<span class=\"elementor-icon-list-text\">Yar\u0131k damak ya da farkl\u0131 sebeplerden dolay\u0131 emme problemi olan bebekleri anne s\u00fct\u00fc ile besleyebilmek i\u00e7in.<\/span>\n\t\t\t\t\t\t\t\t\t<\/li>\n\t\t\t\t\t\t\t\t<li class=\"elementor-icon-list-item\">\n\t\t\t\t\t\t\t\t\t\t\t<span class=\"elementor-icon-list-icon\">\n\t\t\t\t\t\t\t<svg aria-hidden=\"true\" class=\"e-font-icon-svg e-fas-circle\" viewBox=\"0 0 512 512\" xmlns=\"http:\/\/www.w3.org\/2000\/svg\"><path d=\"M256 8C119 8 8 119 8 256s111 248 248 248 248-111 248-248S393 8 256 8z\"><\/path><\/svg>\t\t\t\t\t\t<\/span>\n\t\t\t\t\t\t\t\t\t\t<span class=\"elementor-icon-list-text\">Annenin ila\u00e7 kullanmas\u0131 durumunda s\u00fct\u00fcn devam\u0131n\u0131 sa\u011flamak i\u00e7in.<\/span>\n\t\t\t\t\t\t\t\t\t<\/li>\n\t\t\t\t\t\t\t\t<li class=\"elementor-icon-list-item\">\n\t\t\t\t\t\t\t\t\t\t\t<span class=\"elementor-icon-list-icon\">\n\t\t\t\t\t\t\t<svg aria-hidden=\"true\" class=\"e-font-icon-svg e-fas-circle\" viewBox=\"0 0 512 512\" xmlns=\"http:\/\/www.w3.org\/2000\/svg\"><path d=\"M256 8C119 8 8 119 8 256s111 248 248 248 248-111 248-248S393 8 256 8z\"><\/path><\/svg>\t\t\t\t\t\t<\/span>\n\t\t\t\t\t\t\t\t\t\t<span class=\"elementor-icon-list-text\">Anne fazla gelen s\u00fct\u00fcn\u00fc saklamak istedi\u011finde.<\/span>\n\t\t\t\t\t\t\t\t\t<\/li>\n\t\t\t\t\t\t\t\t<li class=\"elementor-icon-list-item\">\n\t\t\t\t\t\t\t\t\t\t\t<span class=\"elementor-icon-list-icon\">\n\t\t\t\t\t\t\t<svg aria-hidden=\"true\" class=\"e-font-icon-svg e-fas-circle\" viewBox=\"0 0 512 512\" xmlns=\"http:\/\/www.w3.org\/2000\/svg\"><path d=\"M256 8C119 8 8 119 8 256s111 248 248 248 248-111 248-248S393 8 256 8z\"><\/path><\/svg>\t\t\t\t\t\t<\/span>\n\t\t\t\t\t\t\t\t\t\t<span class=\"elementor-icon-list-text\">Yo\u011fun ve \u00f6zel bak\u0131m kuv\u00f6zde yatan bebeklerin beslenmesinde.<\/span>\n\t\t\t\t\t\t\t\t\t<\/li>\n\t\t\t\t\t\t\t\t<li class=\"elementor-icon-list-item\">\n\t\t\t\t\t\t\t\t\t\t\t<span class=\"elementor-icon-list-icon\">\n\t\t\t\t\t\t\t<svg aria-hidden=\"true\" class=\"e-font-icon-svg e-fas-circle\" viewBox=\"0 0 512 512\" xmlns=\"http:\/\/www.w3.org\/2000\/svg\"><path d=\"M256 8C119 8 8 119 8 256s111 248 248 248 248-111 248-248S393 8 256 8z\"><\/path><\/svg>\t\t\t\t\t\t<\/span>\n\t\t\t\t\t\t\t\t\t\t<span class=\"elementor-icon-list-text\">\u00c7al\u0131\u015fan veya seyahate \u00e7\u0131kan bir anne ise.<\/span>\n\t\t\t\t\t\t\t\t\t<\/li>\n\t\t\t\t\t\t<\/ul>\n\t\t\t\t\t\t<\/div>\n\t\t\t\t\t<\/div>\n\t\t<\/div>\n\t\t\t\t\t<\/div>\n\t\t<\/section>\n\t\t<div class=\"elementor-element elementor-element-4a6720f e-flex e-con-boxed e-con e-parent\" data-id=\"4a6720f\" data-element_type=\"container\" data-e-type=\"container\">\n\t\t\t\t\t<div class=\"e-con-inner\">\n\t\t\t\t<div class=\"elementor-element elementor-element-39b834d elementor-widget elementor-widget-heading\" data-id=\"39b834d\" data-element_type=\"widget\" data-e-type=\"widget\" data-widget_type=\"heading.default\">\n\t\t\t\t\t<h2 class=\"elementor-heading-title elementor-size-default\">Ba\u015fl\u0131k Metninizi Buraya Ekleyin<\/h2>\t\t\t\t<\/div>\n\t\t\t\t\t<\/div>\n\t\t\t\t<\/div>\n\t\t\t\t<\/div>\n\t\t","protected":false},"excerpt":{"rendered":"<p>AMEDA EL\u0130TE Hastane Tipi S\u00fct Pompas\u0131 \u00a0 \u00a0 \u00a0 Ameda\u00a0\u00a0Elite G\u00f6\u011f\u00fcs Pompas\u0131,\u00a0\u00a0g\u00fcvenilir, hastane s\u0131n\u0131f\u0131 \u00e7ift g\u00f6\u011f\u00fcs pompas\u0131d\u0131r. Elite, \u015fu anda piyasadaki en g\u00fc\u00e7l\u00fc emi\u015f g\u00fcc\u00fcne sahip makinelerden biridir. Hem hastaneler hem de anneler taraf\u0131ndan g\u00fcvenilmektedir. Yeni do\u011fmu\u015f bir bebekle zaman\u0131n\u0131z \u00e7ok k\u0131s\u0131tl\u0131d\u0131r; t\u00fcm dikkatinizi yeni bebe\u011finize verirsiniz. Verimlilik kayb\u0131 veya s\u00fct miktar\u0131nda azalma olmadan, bekleme [&hellip;]<\/p>\n","protected":false},"author":1,"featured_media":0,"parent":0,"menu_order":0,"comment_status":"closed","ping_status":"closed","template":"","meta":{"_joinchat":[],"footnotes":""},"class_list":["post-71","page","type-page","status-publish","hentry"],"_links":{"self":[{"href":"https:\/\/sutpompasikiralamasivas.com\/index.php\/wp-json\/wp\/v2\/pages\/71","targetHints":{"allow":["GET"]}}],"collection":[{"href":"https:\/\/sutpompasikiralamasivas.com\/index.php\/wp-json\/wp\/v2\/pages"}],"about":[{"href":"https:\/\/sutpompasikiralamasivas.com\/index.php\/wp-json\/wp\/v2\/types\/page"}],"author":[{"embeddable":true,"href":"https:\/\/sutpompasikiralamasivas.com\/index.php\/wp-json\/wp\/v2\/users\/1"}],"replies":[{"embeddable":true,"href":"https:\/\/sutpompasikiralamasivas.com\/index.php\/wp-json\/wp\/v2\/comments?post=71"}],"version-history":[{"count":97,"href":"https:\/\/sutpompasikiralamasivas.com\/index.php\/wp-json\/wp\/v2\/pages\/71\/revisions"}],"predecessor-version":[{"id":1737,"href":"https:\/\/sutpompasikiralamasivas.com\/index.php\/wp-json\/wp\/v2\/pages\/71\/revisions\/1737"}],"wp:attachment":[{"href":"https:\/\/sutpompasikiralamasivas.com\/index.php\/wp-json\/wp\/v2\/media?parent=71"}],"curies":[{"name":"wp","href":"https:\/\/api.w.org\/{rel}","templated":true}]}}