{"id":69,"date":"2024-07-10T10:00:19","date_gmt":"2024-07-10T07:00:19","guid":{"rendered":"https:\/\/sutpompasikiralamasivas.com\/?page_id=69"},"modified":"2025-11-06T21:33:44","modified_gmt":"2025-11-06T18:33:44","slug":"spectra-dual-s","status":"publish","type":"page","link":"https:\/\/sutpompasikiralamasivas.com\/index.php\/spectra-dual-s\/","title":{"rendered":"SPECTRA DUAL S"},"content":{"rendered":"\t\t<div data-elementor-type=\"wp-page\" data-elementor-id=\"69\" class=\"elementor elementor-69\">\n\t\t\t\t\t\t<section class=\"elementor-section elementor-top-section elementor-element elementor-element-4ad0910 elementor-section-boxed elementor-section-height-default elementor-section-height-default\" data-id=\"4ad0910\" data-element_type=\"section\" data-e-type=\"section\">\n\t\t\t\t\t\t<div class=\"elementor-container elementor-column-gap-default\">\n\t\t\t\t\t<div class=\"elementor-column elementor-col-50 elementor-top-column elementor-element elementor-element-48568ce\" data-id=\"48568ce\" data-element_type=\"column\" data-e-type=\"column\">\n\t\t\t<div class=\"elementor-widget-wrap elementor-element-populated\">\n\t\t\t\t\t\t<div class=\"elementor-element elementor-element-f00c4de elementor-widget elementor-widget-image\" data-id=\"f00c4de\" data-element_type=\"widget\" data-e-type=\"widget\" data-widget_type=\"image.default\">\n\t\t\t\t\t\t\t\t\t\t\t\t\t\t\t<img decoding=\"async\" src=\"https:\/\/sutpompasikiralamasivas.com\/wp-content\/uploads\/elementor\/thumbs\/DualS_10_1024x1024@2x-qrzctop0vm2ljxv9u0op9f1hqkx41uv5ptub9m2ie8.webp\" title=\"DualS_10_1024x1024@2x\" alt=\"DualS_10_1024x1024@2x\" loading=\"lazy\" \/>\t\t\t\t\t\t\t\t\t\t\t\t\t\t\t<\/div>\n\t\t\t\t\t<\/div>\n\t\t<\/div>\n\t\t\t\t<div class=\"elementor-column elementor-col-50 elementor-top-column elementor-element elementor-element-68f31fa\" data-id=\"68f31fa\" data-element_type=\"column\" data-e-type=\"column\">\n\t\t\t<div class=\"elementor-widget-wrap elementor-element-populated\">\n\t\t\t\t\t\t<div class=\"elementor-element elementor-element-bc02664 elementor-widget elementor-widget-heading\" data-id=\"bc02664\" data-element_type=\"widget\" data-e-type=\"widget\" data-widget_type=\"heading.default\">\n\t\t\t\t\t<h1 class=\"elementor-heading-title elementor-size-default\">SPECTRA DUAL S SYNERGY GOLD  PROFESYONEL Hastane Tipi S\u00fct Pompas\u0131<\/h1>\t\t\t\t<\/div>\n\t\t\t\t<div class=\"elementor-element elementor-element-e4060a6 elementor-widget__width-initial elementor-widget elementor-widget-text-editor\" data-id=\"e4060a6\" data-element_type=\"widget\" data-e-type=\"widget\" data-widget_type=\"text-editor.default\">\n\t\t\t\t\t\t\t\t\t<p>\u00a0 \u00a0 \u00a0 \u00a0 Hastane Tipi S\u00fct Pompalar\u0131\u00a0 ve ya s\u0131radan Elektrikli g\u00f6\u011f\u00fcs pompalar\u0131 aras\u0131nda en geli\u015fmi\u015f ve en g\u00fcncel teknolojiyi sunar. Annelerin her iki g\u00f6\u011f\u00fcs\u00fc ayr\u0131 ayr\u0131 ba\u011f\u0131ms\u0131z olarak a\u00e7ma kapama, vakum, ritim ayarlamas\u0131na izin veren t\u00fcr\u00fcn\u00fcn ilk pompas\u0131d\u0131r! Di\u011fer t\u00fcm g\u00f6\u011f\u00fcz pompalar\u0131nda olmayan \u00f6zel \u00f6zelli\u011fi :Tek g\u00f6\u011f\u00fcs\u00fc farkl\u0131 ayarlarda di\u011fer g\u00f6\u011f\u00fcs\u00fc farkl\u0131 ayarlarda kullanabilme imkan\u0131 sunar.\u00a0<\/p>\t\t\t\t\t\t\t\t<\/div>\n\t\t\t\t<div class=\"elementor-element elementor-element-4a49242 elementor-widget__width-initial elementor-mobile-align-center elementor-widget-mobile__width-inherit elementor-widget elementor-widget-button\" data-id=\"4a49242\" data-element_type=\"widget\" data-e-type=\"widget\" data-widget_type=\"button.default\">\n\t\t\t\t\t\t\t\t\t\t<a class=\"elementor-button elementor-button-link elementor-size-sm elementor-animation-grow\" href=\"tel:0%20542%20215%2072%2092\">\n\t\t\t\t\t\t<span class=\"elementor-button-content-wrapper\">\n\t\t\t\t\t\t<span class=\"elementor-button-icon\">\n\t\t\t\t<svg aria-hidden=\"true\" class=\"e-font-icon-svg e-fas-phone-alt\" viewBox=\"0 0 512 512\" xmlns=\"http:\/\/www.w3.org\/2000\/svg\"><path d=\"M497.39 361.8l-112-48a24 24 0 0 0-28 6.9l-49.6 60.6A370.66 370.66 0 0 1 130.6 204.11l60.6-49.6a23.94 23.94 0 0 0 6.9-28l-48-112A24.16 24.16 0 0 0 122.6.61l-104 24A24 24 0 0 0 0 48c0 256.5 207.9 464 464 464a24 24 0 0 0 23.4-18.6l24-104a24.29 24.29 0 0 0-14.01-27.6z\"><\/path><\/svg>\t\t\t<\/span>\n\t\t\t\t\t\t\t\t\t<span class=\"elementor-button-text\">Hemen Aray\u0131n<\/span>\n\t\t\t\t\t<\/span>\n\t\t\t\t\t<\/a>\n\t\t\t\t\t\t\t\t<\/div>\n\t\t\t\t\t<\/div>\n\t\t<\/div>\n\t\t\t\t\t<\/div>\n\t\t<\/section>\n\t\t\t\t<section class=\"elementor-section elementor-top-section elementor-element elementor-element-5864691 elementor-section-boxed elementor-section-height-default elementor-section-height-default\" data-id=\"5864691\" data-element_type=\"section\" data-e-type=\"section\">\n\t\t\t\t\t\t<div class=\"elementor-container elementor-column-gap-default\">\n\t\t\t\t\t<div class=\"elementor-column elementor-col-100 elementor-top-column elementor-element elementor-element-88e6f15\" data-id=\"88e6f15\" data-element_type=\"column\" data-e-type=\"column\">\n\t\t\t<div class=\"elementor-widget-wrap elementor-element-populated\">\n\t\t\t\t\t\t<div class=\"elementor-element elementor-element-31e413c elementor-widget elementor-widget-heading\" data-id=\"31e413c\" data-element_type=\"widget\" data-e-type=\"widget\" data-widget_type=\"heading.default\">\n\t\t\t\t\t<h1 class=\"elementor-heading-title elementor-size-default\">Spectra Dual S Synergy Gold Hastane Tipi S\u00fct Pompas\u0131 \u00d6zellikleri<\/h1>\t\t\t\t<\/div>\n\t\t\t\t<div class=\"elementor-element elementor-element-0cc5ed6 elementor-widget__width-initial elementor-widget elementor-widget-text-editor\" data-id=\"0cc5ed6\" data-element_type=\"widget\" data-e-type=\"widget\" data-widget_type=\"text-editor.default\">\n\t\t\t\t\t\t\t\t\t<p><strong>\u00a0 \u00a0 \u00a0<\/strong>D\u00dcNYADA \u0130LK..! SPECTRA DUAL S HASTANE T\u0130P\u0130 elektrikli g\u00f6\u011f\u00fcs pompas\u0131. Sekt\u00f6rdeki en geli\u015fmi\u015f ve en g\u00fcncel teknolojiyi sunar. Di\u011fer t\u00fcm s\u00fct pompalar\u0131ndan farkl\u0131 olarak Annelerin her iki g\u00f6\u011f\u00fcs\u00fc ayr\u0131 ayr\u0131 ba\u011f\u0131ms\u0131z olarak a\u00e7ma kapama, vakum, ritim ayarlamas\u0131na izin veren t\u00fcr\u00fcn\u00fcn ilk pompas\u0131d\u0131r! Tek g\u00f6\u011f\u00fcs\u00fc farkl\u0131 ayarlarda di\u011fer g\u00f6\u011f\u00fcs\u00fc farkl\u0131 ayarlarda kullanabilme imkan\u0131 sunar. T\u00fcm Spectra pompalar\u0131 gibi ger\u00e7ek bir kapal\u0131 sistemdir . D\u0131\u015far\u0131daki kontaminasyonlar ile anne s\u00fct\u00fc aras\u0131nda hijyenik bir bariyer olu\u015fturur. Bu ileri teknoloji, rahatl\u0131k ve kolayl\u0131kla zamandan tasarruf sa\u011flayabilen daha verimli pompalama seanslar\u0131n\u0131 destekler. LED lamba, karanl\u0131k odalarda emzirme i\u00e7in ve uyku lambas\u0131 olarak hafif, dolayl\u0131 bir \u0131\u015f\u0131k verir.<\/p><h4><strong>\u00d6ZELL\u0130KLER:<\/strong><\/h4><ul><li>Dual S hastane tipi s\u00fct pompas\u0131 Hastane s\u0131n\u0131f\u0131 vakum g\u00fcc\u00fc (\u0130SO 13485)standard\u0131nda \u00fcretilmi\u015ftir.<\/li><li>Di\u011fer \u00fcr\u00fcnlerden ay\u0131ran en b\u00fcy\u00fck \u00f6zelli\u011fi g\u00f6\u011f\u00fcs ucunun tek bir yerine de\u011fil, farkl\u0131 noktalar\u0131na vakum uygulama. Yani \u00fcst, sol, sa\u011f bu sayede s\u00fct kanallar\u0131n\u0131 h\u0131zl\u0131 a\u00e7abilmesi sa\u011flanmaktad\u0131r bu sayede max s\u00fct art\u0131\u015f\u0131 sa\u011flanmaktad\u0131r.<\/li><li>Back-flow (s\u00fct\u00fcn makineye ge\u00e7i\u015fini engelleme hijyenik sa\u011f\u0131m) t\u00fcm spectra modellerinde mevcut lakin Dual S de en verimli \u015fekilde \u00e7al\u0131\u015f\u0131r.<br \/>\u015e\u0131k tasar\u0131m ve Sezgisel ekran<\/li><li>Di\u011fer t\u00fcm hastane tipi s\u00fct pompalar\u0131ndan farkl\u0131 olarak \u00c7ift motor teknolojisi (her g\u00f6\u011f\u00fcs\u00fc farkl\u0131 bas\u0131n\u00e7larda sa\u011f\u0131m yap\u0131labilme)<\/li><li>Bebek emi\u015f ritminde masaj ve sa\u011f\u0131m modu.<\/li><\/ul><h4><strong>Teknik Detaylar:<\/strong><\/h4><ul><li>15 kademe sa\u011f\u0131m modu, 5 kademe masaj modu,30 dk. Sonra otomatik kapanma.<\/li><li>Dokunmatik ekran, I\u015f\u0131kl\u0131 led ekran,Tekli ve \u00e7iftli kullan\u0131m imkan\u0131.<\/li><li>24\u00a0 mm Flan\u015fl\u0131 Sa\u011f\u0131m Setini ayr\u0131ca satmaktay\u0131z.Steril s\u0131f\u0131r \u00fcr\u00fcn.<\/li><li>S\u00fcper sessiz \u00e7al\u0131\u015fabilme, Led ekrandan sa\u011f\u0131m s\u00fcresi izleme, Bpa free.<\/li><\/ul><p>\u00a0 Ergonomik tasar\u0131m ve pratik kullan\u0131ma uygun olarak tasar\u0131ma sahiptir. Bu sayede rahatl\u0131kla yan\u0131n\u0131zda gezdirip istedi\u011fin anda kullan\u0131s\u0131n. Ayr\u0131ca kullan\u0131m a\u00e7\u0131s\u0131ndan da kolayl\u0131k sa\u011flar. Kolay kullan\u0131m g\u00f6\u011f\u00fcs hunisi, hortum ve valften olu\u015fan bir settir. Ayr\u0131ca g\u00f6\u011fs\u00fcn\u00fcze kolay bir \u015fekilde oturtabilir ve tek hareketle pompaya ba\u011flayabilirsiniz. Hortum sayesinde s\u00fct\u00fcn\u00fcz\u00fc biberon i\u00e7ine aktarabilirsiniz. Valf\/Diyafram sistemi ile s\u00fct\u00fcn hava ile temas\u0131n\u0131 engeller, d\u0131\u015fardan gelen bakteri ve vir\u00fcslerden korur tamamen g\u00fcvenlidir.<\/p><p>\u00a0 \u00a0 \u00a0 \u00a0 \u00a0<strong>Kiralamalarda her anneye hijyen a\u00e7\u0131s\u0131ndan kendine ait sa\u011f\u0131m seti kullanmas\u0131 tavsiye edilir.<\/strong><\/p>\t\t\t\t\t\t\t\t<\/div>\n\t\t\t\t\t<\/div>\n\t\t<\/div>\n\t\t\t\t\t<\/div>\n\t\t<\/section>\n\t\t\t\t<section class=\"elementor-section elementor-top-section elementor-element elementor-element-bdd0e32 elementor-section-boxed elementor-section-height-default elementor-section-height-default\" data-id=\"bdd0e32\" data-element_type=\"section\" data-e-type=\"section\">\n\t\t\t\t\t\t<div class=\"elementor-container elementor-column-gap-default\">\n\t\t\t\t\t<div class=\"elementor-column elementor-col-50 elementor-top-column elementor-element elementor-element-17ba934\" data-id=\"17ba934\" data-element_type=\"column\" data-e-type=\"column\">\n\t\t\t<div class=\"elementor-widget-wrap elementor-element-populated\">\n\t\t\t\t\t\t<div class=\"elementor-element elementor-element-e106d53 elementor-widget elementor-widget-image\" data-id=\"e106d53\" data-element_type=\"widget\" data-e-type=\"widget\" data-widget_type=\"image.default\">\n\t\t\t\t\t\t\t\t\t\t\t\t\t\t\t<img fetchpriority=\"high\" decoding=\"async\" width=\"300\" height=\"300\" src=\"https:\/\/sutpompasikiralamasivas.com\/wp-content\/uploads\/2024\/08\/bb_matika-profile-300x300.jpg\" class=\"attachment-medium size-medium wp-image-1018\" alt=\"\" srcset=\"https:\/\/sutpompasikiralamasivas.com\/wp-content\/uploads\/2024\/08\/bb_matika-profile-300x300.jpg 300w, https:\/\/sutpompasikiralamasivas.com\/wp-content\/uploads\/2024\/08\/bb_matika-profile-150x150.jpg 150w, https:\/\/sutpompasikiralamasivas.com\/wp-content\/uploads\/2024\/08\/bb_matika-profile-768x768.jpg 768w, https:\/\/sutpompasikiralamasivas.com\/wp-content\/uploads\/2024\/08\/bb_matika-profile.jpg 1000w\" sizes=\"(max-width: 300px) 100vw, 300px\" \/>\t\t\t\t\t\t\t\t\t\t\t\t\t\t\t<\/div>\n\t\t\t\t\t<\/div>\n\t\t<\/div>\n\t\t\t\t<div class=\"elementor-column elementor-col-50 elementor-top-column elementor-element elementor-element-520d13d\" data-id=\"520d13d\" data-element_type=\"column\" data-e-type=\"column\">\n\t\t\t<div class=\"elementor-widget-wrap elementor-element-populated\">\n\t\t\t\t\t\t<div class=\"elementor-element elementor-element-2d1baec elementor-widget elementor-widget-image\" data-id=\"2d1baec\" data-element_type=\"widget\" data-e-type=\"widget\" data-widget_type=\"image.default\">\n\t\t\t\t\t\t\t\t\t\t\t\t\t\t\t<img decoding=\"async\" width=\"225\" height=\"300\" src=\"https:\/\/sutpompasikiralamasivas.com\/wp-content\/uploads\/2024\/07\/gorsel-25-225x300.jpg\" class=\"attachment-medium size-medium wp-image-41\" alt=\"\" srcset=\"https:\/\/sutpompasikiralamasivas.com\/wp-content\/uploads\/2024\/07\/gorsel-25-225x300.jpg 225w, https:\/\/sutpompasikiralamasivas.com\/wp-content\/uploads\/2024\/07\/gorsel-25-768x1024.jpg 768w, https:\/\/sutpompasikiralamasivas.com\/wp-content\/uploads\/2024\/07\/gorsel-25.jpg 810w\" sizes=\"(max-width: 225px) 100vw, 225px\" \/>\t\t\t\t\t\t\t\t\t\t\t\t\t\t\t<\/div>\n\t\t\t\t\t<\/div>\n\t\t<\/div>\n\t\t\t\t\t<\/div>\n\t\t<\/section>\n\t\t\t\t<section class=\"elementor-section elementor-top-section elementor-element elementor-element-815fc6b elementor-section-boxed elementor-section-height-default elementor-section-height-default\" data-id=\"815fc6b\" data-element_type=\"section\" data-e-type=\"section\">\n\t\t\t\t\t\t<div class=\"elementor-container elementor-column-gap-default\">\n\t\t\t\t\t<div class=\"elementor-column elementor-col-50 elementor-top-column elementor-element elementor-element-b1afcf2\" data-id=\"b1afcf2\" data-element_type=\"column\" data-e-type=\"column\">\n\t\t\t<div class=\"elementor-widget-wrap elementor-element-populated\">\n\t\t\t\t\t\t<div class=\"elementor-element elementor-element-b3bf20f elementor-widget elementor-widget-image\" data-id=\"b3bf20f\" data-element_type=\"widget\" data-e-type=\"widget\" data-widget_type=\"image.default\">\n\t\t\t\t\t\t\t\t\t\t\t\t\t\t\t<img decoding=\"async\" width=\"800\" height=\"389\" src=\"https:\/\/sutpompasikiralamasivas.com\/wp-content\/uploads\/2024\/08\/Spectra-Synergy-Gold-Assembly-Guide.webp\" class=\"attachment-large size-large wp-image-1024\" alt=\"\" srcset=\"https:\/\/sutpompasikiralamasivas.com\/wp-content\/uploads\/2024\/08\/Spectra-Synergy-Gold-Assembly-Guide.webp 800w, https:\/\/sutpompasikiralamasivas.com\/wp-content\/uploads\/2024\/08\/Spectra-Synergy-Gold-Assembly-Guide-300x146.webp 300w, https:\/\/sutpompasikiralamasivas.com\/wp-content\/uploads\/2024\/08\/Spectra-Synergy-Gold-Assembly-Guide-768x373.webp 768w\" sizes=\"(max-width: 800px) 100vw, 800px\" \/>\t\t\t\t\t\t\t\t\t\t\t\t\t\t\t<\/div>\n\t\t\t\t<div class=\"elementor-element elementor-element-e7e7050 elementor-widget elementor-widget-image\" data-id=\"e7e7050\" data-element_type=\"widget\" data-e-type=\"widget\" data-widget_type=\"image.default\">\n\t\t\t\t\t\t\t\t\t\t\t\t\t\t\t<img loading=\"lazy\" decoding=\"async\" width=\"225\" height=\"300\" src=\"https:\/\/sutpompasikiralamasivas.com\/wp-content\/uploads\/2024\/07\/WhatsApp-Image-2024-07-22-at-13.52.34-225x300.jpeg\" class=\"attachment-medium size-medium wp-image-984\" alt=\"\" srcset=\"https:\/\/sutpompasikiralamasivas.com\/wp-content\/uploads\/2024\/07\/WhatsApp-Image-2024-07-22-at-13.52.34-225x300.jpeg 225w, https:\/\/sutpompasikiralamasivas.com\/wp-content\/uploads\/2024\/07\/WhatsApp-Image-2024-07-22-at-13.52.34-768x1024.jpeg 768w, https:\/\/sutpompasikiralamasivas.com\/wp-content\/uploads\/2024\/07\/WhatsApp-Image-2024-07-22-at-13.52.34-1152x1536.jpeg 1152w, https:\/\/sutpompasikiralamasivas.com\/wp-content\/uploads\/2024\/07\/WhatsApp-Image-2024-07-22-at-13.52.34.jpeg 1200w\" sizes=\"(max-width: 225px) 100vw, 225px\" \/>\t\t\t\t\t\t\t\t\t\t\t\t\t\t\t<\/div>\n\t\t\t\t\t<\/div>\n\t\t<\/div>\n\t\t\t\t<div class=\"elementor-column elementor-col-50 elementor-top-column elementor-element elementor-element-c910651\" data-id=\"c910651\" data-element_type=\"column\" data-e-type=\"column\">\n\t\t\t<div class=\"elementor-widget-wrap elementor-element-populated\">\n\t\t\t\t\t\t<div class=\"elementor-element elementor-element-68fe1c1 elementor-widget elementor-widget-image\" data-id=\"68fe1c1\" data-element_type=\"widget\" data-e-type=\"widget\" data-widget_type=\"image.default\">\n\t\t\t\t\t\t\t\t\t\t\t\t\t\t\t<img loading=\"lazy\" decoding=\"async\" width=\"800\" height=\"481\" src=\"https:\/\/sutpompasikiralamasivas.com\/wp-content\/uploads\/2024\/07\/gorsel-23-1024x616.jpg\" class=\"attachment-large size-large wp-image-39\" alt=\"\" srcset=\"https:\/\/sutpompasikiralamasivas.com\/wp-content\/uploads\/2024\/07\/gorsel-23-1024x616.jpg 1024w, https:\/\/sutpompasikiralamasivas.com\/wp-content\/uploads\/2024\/07\/gorsel-23-300x180.jpg 300w, https:\/\/sutpompasikiralamasivas.com\/wp-content\/uploads\/2024\/07\/gorsel-23-768x462.jpg 768w, https:\/\/sutpompasikiralamasivas.com\/wp-content\/uploads\/2024\/07\/gorsel-23.jpg 1129w\" sizes=\"(max-width: 800px) 100vw, 800px\" \/>\t\t\t\t\t\t\t\t\t\t\t\t\t\t\t<\/div>\n\t\t\t\t\t<\/div>\n\t\t<\/div>\n\t\t\t\t\t<\/div>\n\t\t<\/section>\n\t\t\t\t<section class=\"elementor-section elementor-top-section elementor-element elementor-element-c003984 elementor-section-boxed elementor-section-height-default elementor-section-height-default\" data-id=\"c003984\" data-element_type=\"section\" data-e-type=\"section\">\n\t\t\t\t\t\t<div class=\"elementor-container elementor-column-gap-default\">\n\t\t\t\t\t<div class=\"elementor-column elementor-col-100 elementor-top-column elementor-element elementor-element-a6a5d91\" data-id=\"a6a5d91\" data-element_type=\"column\" data-e-type=\"column\">\n\t\t\t<div class=\"elementor-widget-wrap elementor-element-populated\">\n\t\t\t\t\t\t<div class=\"elementor-element elementor-element-2517d08 elementor-widget elementor-widget-heading\" data-id=\"2517d08\" data-element_type=\"widget\" data-e-type=\"widget\" data-widget_type=\"heading.default\">\n\t\t\t\t\t<h3 class=\"elementor-heading-title elementor-size-default\">Hastane Tipi S\u00fct Pompas\u0131 Kullanma Nedenleri<\/h3>\t\t\t\t<\/div>\n\t\t\t\t<div class=\"elementor-element elementor-element-d41fb4a elementor-icon-list--layout-traditional elementor-list-item-link-full_width elementor-widget elementor-widget-icon-list\" data-id=\"d41fb4a\" data-element_type=\"widget\" data-e-type=\"widget\" data-widget_type=\"icon-list.default\">\n\t\t\t\t\t\t\t<ul class=\"elementor-icon-list-items\">\n\t\t\t\t\t\t\t<li class=\"elementor-icon-list-item\">\n\t\t\t\t\t\t\t\t\t\t\t<span class=\"elementor-icon-list-icon\">\n\t\t\t\t\t\t\t<svg aria-hidden=\"true\" class=\"e-font-icon-svg e-fas-circle\" viewBox=\"0 0 512 512\" xmlns=\"http:\/\/www.w3.org\/2000\/svg\"><path d=\"M256 8C119 8 8 119 8 256s111 248 248 248 248-111 248-248S393 8 256 8z\"><\/path><\/svg>\t\t\t\t\t\t<\/span>\n\t\t\t\t\t\t\t\t\t\t<span class=\"elementor-icon-list-text\">Do\u011fumun ilk g\u00fcnlerinde s\u00fct gelmedi\u011finde.<\/span>\n\t\t\t\t\t\t\t\t\t<\/li>\n\t\t\t\t\t\t\t\t<li class=\"elementor-icon-list-item\">\n\t\t\t\t\t\t\t\t\t\t\t<span class=\"elementor-icon-list-icon\">\n\t\t\t\t\t\t\t<svg aria-hidden=\"true\" class=\"e-font-icon-svg e-fas-circle\" viewBox=\"0 0 512 512\" xmlns=\"http:\/\/www.w3.org\/2000\/svg\"><path d=\"M256 8C119 8 8 119 8 256s111 248 248 248 248-111 248-248S393 8 256 8z\"><\/path><\/svg>\t\t\t\t\t\t<\/span>\n\t\t\t\t\t\t\t\t\t\t<span class=\"elementor-icon-list-text\">Memedeki fazla s\u00fct\u00fc bo\u015faltarak g\u00f6\u011f\u00fcs kanallar\u0131n\u0131 a\u00e7mak i\u00e7in.<\/span>\n\t\t\t\t\t\t\t\t\t<\/li>\n\t\t\t\t\t\t\t\t<li class=\"elementor-icon-list-item\">\n\t\t\t\t\t\t\t\t\t\t\t<span class=\"elementor-icon-list-icon\">\n\t\t\t\t\t\t\t<svg aria-hidden=\"true\" class=\"e-font-icon-svg e-fas-circle\" viewBox=\"0 0 512 512\" xmlns=\"http:\/\/www.w3.org\/2000\/svg\"><path d=\"M256 8C119 8 8 119 8 256s111 248 248 248 248-111 248-248S393 8 256 8z\"><\/path><\/svg>\t\t\t\t\t\t<\/span>\n\t\t\t\t\t\t\t\t\t\t<span class=\"elementor-icon-list-text\">G\u00f6\u011f\u00fcs ucu \u00e7atlak , Mastit (meme iltihab\u0131) ve angorjman (rahatlamam\u0131\u015f meme dolulu\u011fu ) durumunda g\u00f6\u011f\u00fcs\u00fc rahatlatmak i\u00e7in.<\/span>\n\t\t\t\t\t\t\t\t\t<\/li>\n\t\t\t\t\t\t\t\t<li class=\"elementor-icon-list-item\">\n\t\t\t\t\t\t\t\t\t\t\t<span class=\"elementor-icon-list-icon\">\n\t\t\t\t\t\t\t<svg aria-hidden=\"true\" class=\"e-font-icon-svg e-fas-circle\" viewBox=\"0 0 512 512\" xmlns=\"http:\/\/www.w3.org\/2000\/svg\"><path d=\"M256 8C119 8 8 119 8 256s111 248 248 248 248-111 248-248S393 8 256 8z\"><\/path><\/svg>\t\t\t\t\t\t<\/span>\n\t\t\t\t\t\t\t\t\t\t<span class=\"elementor-icon-list-text\">Annenin bebekten ayr\u0131 kalmas\u0131 durumunda bebe\u011fi anne s\u00fct\u00fc ile beslemeye devam etmek i\u00e7in.<\/span>\n\t\t\t\t\t\t\t\t\t<\/li>\n\t\t\t\t\t\t\t\t<li class=\"elementor-icon-list-item\">\n\t\t\t\t\t\t\t\t\t\t\t<span class=\"elementor-icon-list-icon\">\n\t\t\t\t\t\t\t<svg aria-hidden=\"true\" class=\"e-font-icon-svg e-fas-circle\" viewBox=\"0 0 512 512\" xmlns=\"http:\/\/www.w3.org\/2000\/svg\"><path d=\"M256 8C119 8 8 119 8 256s111 248 248 248 248-111 248-248S393 8 256 8z\"><\/path><\/svg>\t\t\t\t\t\t<\/span>\n\t\t\t\t\t\t\t\t\t\t<span class=\"elementor-icon-list-text\">Bebe\u011fin \u00e7ene g\u00fcc\u00fc yetersiz kald\u0131\u011f\u0131nda.<\/span>\n\t\t\t\t\t\t\t\t\t<\/li>\n\t\t\t\t\t\t\t\t<li class=\"elementor-icon-list-item\">\n\t\t\t\t\t\t\t\t\t\t\t<span class=\"elementor-icon-list-icon\">\n\t\t\t\t\t\t\t<svg aria-hidden=\"true\" class=\"e-font-icon-svg e-fas-circle\" viewBox=\"0 0 512 512\" xmlns=\"http:\/\/www.w3.org\/2000\/svg\"><path d=\"M256 8C119 8 8 119 8 256s111 248 248 248 248-111 248-248S393 8 256 8z\"><\/path><\/svg>\t\t\t\t\t\t<\/span>\n\t\t\t\t\t\t\t\t\t\t<span class=\"elementor-icon-list-text\">Yar\u0131k damak ya da farkl\u0131 sebeplerden dolay\u0131 emme problemi olan bebekleri anne s\u00fct\u00fc ile besleyebilmek i\u00e7in.<\/span>\n\t\t\t\t\t\t\t\t\t<\/li>\n\t\t\t\t\t\t\t\t<li class=\"elementor-icon-list-item\">\n\t\t\t\t\t\t\t\t\t\t\t<span class=\"elementor-icon-list-icon\">\n\t\t\t\t\t\t\t<svg aria-hidden=\"true\" class=\"e-font-icon-svg e-fas-circle\" viewBox=\"0 0 512 512\" xmlns=\"http:\/\/www.w3.org\/2000\/svg\"><path d=\"M256 8C119 8 8 119 8 256s111 248 248 248 248-111 248-248S393 8 256 8z\"><\/path><\/svg>\t\t\t\t\t\t<\/span>\n\t\t\t\t\t\t\t\t\t\t<span class=\"elementor-icon-list-text\">Annenin ila\u00e7 kullanmas\u0131 durumunda s\u00fct\u00fcn devam\u0131n\u0131 sa\u011flamak i\u00e7in.<\/span>\n\t\t\t\t\t\t\t\t\t<\/li>\n\t\t\t\t\t\t\t\t<li class=\"elementor-icon-list-item\">\n\t\t\t\t\t\t\t\t\t\t\t<span class=\"elementor-icon-list-icon\">\n\t\t\t\t\t\t\t<svg aria-hidden=\"true\" class=\"e-font-icon-svg e-fas-circle\" viewBox=\"0 0 512 512\" xmlns=\"http:\/\/www.w3.org\/2000\/svg\"><path d=\"M256 8C119 8 8 119 8 256s111 248 248 248 248-111 248-248S393 8 256 8z\"><\/path><\/svg>\t\t\t\t\t\t<\/span>\n\t\t\t\t\t\t\t\t\t\t<span class=\"elementor-icon-list-text\">Anne fazla gelen s\u00fct\u00fcn\u00fc saklamak istedi\u011finde.<\/span>\n\t\t\t\t\t\t\t\t\t<\/li>\n\t\t\t\t\t\t\t\t<li class=\"elementor-icon-list-item\">\n\t\t\t\t\t\t\t\t\t\t\t<span class=\"elementor-icon-list-icon\">\n\t\t\t\t\t\t\t<svg aria-hidden=\"true\" class=\"e-font-icon-svg e-fas-circle\" viewBox=\"0 0 512 512\" xmlns=\"http:\/\/www.w3.org\/2000\/svg\"><path d=\"M256 8C119 8 8 119 8 256s111 248 248 248 248-111 248-248S393 8 256 8z\"><\/path><\/svg>\t\t\t\t\t\t<\/span>\n\t\t\t\t\t\t\t\t\t\t<span class=\"elementor-icon-list-text\">Yo\u011fun ve \u00f6zel bak\u0131m kuv\u00f6zde yatan bebeklerin beslenmesinde.<\/span>\n\t\t\t\t\t\t\t\t\t<\/li>\n\t\t\t\t\t\t\t\t<li class=\"elementor-icon-list-item\">\n\t\t\t\t\t\t\t\t\t\t\t<span class=\"elementor-icon-list-icon\">\n\t\t\t\t\t\t\t<svg aria-hidden=\"true\" class=\"e-font-icon-svg e-fas-circle\" viewBox=\"0 0 512 512\" xmlns=\"http:\/\/www.w3.org\/2000\/svg\"><path d=\"M256 8C119 8 8 119 8 256s111 248 248 248 248-111 248-248S393 8 256 8z\"><\/path><\/svg>\t\t\t\t\t\t<\/span>\n\t\t\t\t\t\t\t\t\t\t<span class=\"elementor-icon-list-text\">\u00c7al\u0131\u015fan veya seyahate \u00e7\u0131kan bir anne ise.<\/span>\n\t\t\t\t\t\t\t\t\t<\/li>\n\t\t\t\t\t\t<\/ul>\n\t\t\t\t\t\t<\/div>\n\t\t\t\t\t<\/div>\n\t\t<\/div>\n\t\t\t\t\t<\/div>\n\t\t<\/section>\n\t\t\t\t<\/div>\n\t\t","protected":false},"excerpt":{"rendered":"<p>SPECTRA DUAL S SYNERGY GOLD PROFESYONEL Hastane Tipi S\u00fct Pompas\u0131 \u00a0 \u00a0 \u00a0 \u00a0 Hastane Tipi S\u00fct Pompalar\u0131\u00a0 ve ya s\u0131radan Elektrikli g\u00f6\u011f\u00fcs pompalar\u0131 aras\u0131nda en geli\u015fmi\u015f ve en g\u00fcncel teknolojiyi sunar. Annelerin her iki g\u00f6\u011f\u00fcs\u00fc ayr\u0131 ayr\u0131 ba\u011f\u0131ms\u0131z olarak a\u00e7ma kapama, vakum, ritim ayarlamas\u0131na izin veren t\u00fcr\u00fcn\u00fcn ilk pompas\u0131d\u0131r! Di\u011fer t\u00fcm g\u00f6\u011f\u00fcz pompalar\u0131nda olmayan [&hellip;]<\/p>\n","protected":false},"author":1,"featured_media":0,"parent":0,"menu_order":0,"comment_status":"closed","ping_status":"closed","template":"","meta":{"_joinchat":[],"footnotes":""},"class_list":["post-69","page","type-page","status-publish","hentry"],"_links":{"self":[{"href":"https:\/\/sutpompasikiralamasivas.com\/index.php\/wp-json\/wp\/v2\/pages\/69","targetHints":{"allow":["GET"]}}],"collection":[{"href":"https:\/\/sutpompasikiralamasivas.com\/index.php\/wp-json\/wp\/v2\/pages"}],"about":[{"href":"https:\/\/sutpompasikiralamasivas.com\/index.php\/wp-json\/wp\/v2\/types\/page"}],"author":[{"embeddable":true,"href":"https:\/\/sutpompasikiralamasivas.com\/index.php\/wp-json\/wp\/v2\/users\/1"}],"replies":[{"embeddable":true,"href":"https:\/\/sutpompasikiralamasivas.com\/index.php\/wp-json\/wp\/v2\/comments?post=69"}],"version-history":[{"count":49,"href":"https:\/\/sutpompasikiralamasivas.com\/index.php\/wp-json\/wp\/v2\/pages\/69\/revisions"}],"predecessor-version":[{"id":1671,"href":"https:\/\/sutpompasikiralamasivas.com\/index.php\/wp-json\/wp\/v2\/pages\/69\/revisions\/1671"}],"wp:attachment":[{"href":"https:\/\/sutpompasikiralamasivas.com\/index.php\/wp-json\/wp\/v2\/media?parent=69"}],"curies":[{"name":"wp","href":"https:\/\/api.w.org\/{rel}","templated":true}]}}